{"id":1266,"date":"2017-08-29T16:38:36","date_gmt":"2017-08-29T14:38:36","guid":{"rendered":"https:\/\/www.ultranima.ch\/mediane\/?page_id=1266"},"modified":"2018-07-01T18:37:30","modified_gmt":"2018-07-01T16:37:30","slug":"formations","status":"publish","type":"page","link":"https:\/\/www.ultranima.ch\/mediane\/nos-activites\/formations\/","title":{"rendered":"Formations"},"content":{"rendered":"<div class=\"fusion-fullwidth fullwidth-box fusion-builder-row-1 nonhundred-percent-fullwidth non-hundred-percent-height-scrolling\" style=\"--awb-border-radius-top-left:0px;--awb-border-radius-top-right:0px;--awb-border-radius-bottom-right:0px;--awb-border-radius-bottom-left:0px;--awb-flex-wrap:wrap;\" ><div class=\"fusion-builder-row fusion-row\"><div class=\"fusion-layout-column fusion_builder_column fusion-builder-column-0 fusion_builder_column_1_2 1_2 fusion-one-half fusion-column-first\" style=\"--awb-padding-top:40px;--awb-padding-right:60px;--awb-padding-bottom:40px;--awb-padding-left:60px;--awb-bg-color:#ffffff;--awb-bg-color-hover:#ffffff;--awb-bg-size:cover;--awb-border-color:#e2e2e2;--awb-border-top:1px;--awb-border-right:1px;--awb-border-bottom:1px;--awb-border-left:1px;--awb-border-style:solid;width:50%;width:calc(50% - ( ( 4% ) * 0.5 ) );margin-right: 4%;\"><div class=\"fusion-column-wrapper fusion-flex-column-wrapper-legacy\"><div class=\"fusion-image-element fusion-image-align-left in-legacy-container\" style=\"text-align:left;--awb-bottom-shadow-color:rgba(0,0,0,0.4);--awb-caption-title-font-family:var(--h2_typography-font-family);--awb-caption-title-font-weight:var(--h2_typography-font-weight);--awb-caption-title-font-style:var(--h2_typography-font-style);--awb-caption-title-size:var(--h2_typography-font-size);--awb-caption-title-transform:var(--h2_typography-text-transform);--awb-caption-title-line-height:var(--h2_typography-line-height);--awb-caption-title-letter-spacing:var(--h2_typography-letter-spacing);\"><div class=\"awb-image-frame awb-image-frame-1 awb-bottomshadow\"><span class=\" fusion-imageframe imageframe-bottomshadow imageframe-1 hover-type-none\"><img decoding=\"async\" width=\"600\" height=\"400\" title=\"4L1A6463\" src=\"http:\/\/www.ultranima.ch\/mediane\/files\/2018\/06\/4L1A6463-600x400.jpg\" alt class=\"img-responsive wp-image-1293\" srcset=\"https:\/\/www.ultranima.ch\/mediane\/files\/2018\/06\/4L1A6463-200x133.jpg 200w, https:\/\/www.ultranima.ch\/mediane\/files\/2018\/06\/4L1A6463-400x267.jpg 400w, https:\/\/www.ultranima.ch\/mediane\/files\/2018\/06\/4L1A6463-600x400.jpg 600w, https:\/\/www.ultranima.ch\/mediane\/files\/2018\/06\/4L1A6463-800x533.jpg 800w, https:\/\/www.ultranima.ch\/mediane\/files\/2018\/06\/4L1A6463-1200x800.jpg 1200w, https:\/\/www.ultranima.ch\/mediane\/files\/2018\/06\/4L1A6463.jpg 1280w\" sizes=\"(max-width: 850px) 100vw, 600px\" \/><\/span><svg xmlns=\"http:\/\/www.w3.org\/2000\/svg\" version=\"1.1\" width=\"100%\" viewBox=\"0 0 600 28\" preserveAspectRatio=\"none\"><g clip-path=\"url(#a)\"><mask id=\"b\" style=\"mask-type:luminance\" maskUnits=\"userSpaceOnUse\" x=\"0\" y=\"0\" width=\"600\" height=\"28\"><path d=\"M0 0h600v28H0V0Z\" fill=\"#fff\"\/><\/mask><g filter=\"url(#c)\" mask=\"url(#b)\"><path d=\"M16.439-18.667h567.123v30.8S438.961-8.4 300-8.4C161.04-8.4 16.438 12.133 16.438 12.133v-30.8Z\" fill=\"#000\"\/><\/g><\/g><defs><clipPath id=\"a\"><path fill=\"#fff\" d=\"M0 0h600v28H0z\"\/><\/clipPath><filter id=\"c\" x=\"5.438\" y=\"-29.667\" width=\"589.123\" height=\"52.8\" filterUnits=\"userSpaceOnUse\" color-interpolation-filters=\"sRGB\"><feFlood flood-opacity=\"0\" result=\"BackgroundImageFix\"\/><feBlend in=\"SourceGraphic\" in2=\"BackgroundImageFix\" result=\"shape\"\/><feGaussianBlur stdDeviation=\"5.5\" result=\"effect1_foregroundBlur_3983_183\"\/><\/filter><\/defs><\/svg><\/div><\/div><div class=\"fusion-sep-clear\"><\/div><div class=\"fusion-separator fusion-full-width-sep\" style=\"margin-left: auto;margin-right: auto;margin-bottom:20px;width:100%;\"><\/div><div class=\"fusion-sep-clear\"><\/div><div class=\"fusion-text fusion-text-1\"><p>Dans le cadre de son offre en mati\u00e8re de formation m\u00e9diaNE propose un cycle de sensibilisation \u00e0 la gestion des conflits et \u00e0 la m\u00e9diation.<br \/>\nOrganis\u00e9 en plusieurs modules autonomes ouverts \u00e0 tous, ce cycle permet de mieux conna\u00eetre les instruments de base utilis\u00e9s dans le traitement des diff\u00e9rends. Pour ce faire, il alterne expos\u00e9s th\u00e9oriques, jeux de r\u00f4les et exercices.<\/p>\n<\/div><div class=\"accordian fusion-accordian\" style=\"--awb-border-size:1px;--awb-icon-size:13px;--awb-content-font-size:14px;--awb-icon-alignment:left;--awb-hover-color:#f9f9f9;--awb-border-color:#cccccc;--awb-background-color:#ffffff;--awb-divider-color:#e0dede;--awb-divider-hover-color:#e0dede;--awb-icon-color:#ffffff;--awb-title-color:#0080b7;--awb-content-color:#666666;--awb-icon-box-color:#333333;--awb-toggle-hover-accent-color:#0080b7;--awb-title-font-family:&quot;Varela Round&quot;;--awb-title-font-weight:400;--awb-title-font-style:normal;--awb-title-font-size:14px;--awb-title-letter-spacing:0px;--awb-title-line-height:1.43;--awb-content-font-family:&quot;Varela Round&quot;;--awb-content-font-style:normal;--awb-content-font-weight:400;\"><div class=\"panel-group fusion-toggle-icon-boxed\" id=\"accordion-1266-1\"><div class=\"fusion-panel panel-default panel-1730983d2f0cde46a fusion-toggle-has-divider\"><div class=\"panel-heading\"><h4 class=\"panel-title toggle\" id=\"toggle_1730983d2f0cde46a\"><a aria-expanded=\"false\" aria-controls=\"1730983d2f0cde46a\" role=\"button\" data-toggle=\"collapse\" data-parent=\"#accordion-1266-1\" data-target=\"#1730983d2f0cde46a\" href=\"#1730983d2f0cde46a\"><span class=\"fusion-toggle-icon-wrapper\" aria-hidden=\"true\"><i class=\"fa-fusion-box active-icon awb-icon-minus\" aria-hidden=\"true\"><\/i><i class=\"fa-fusion-box inactive-icon awb-icon-plus\" aria-hidden=\"true\"><\/i><\/span><span class=\"fusion-toggle-heading\">Sensibilisation \u00e0 la gestion des conflits et \u00e0 la m\u00e9diation Niv.1<\/span><\/a><\/h4><\/div><div id=\"1730983d2f0cde46a\" class=\"panel-collapse collapse \" aria-labelledby=\"toggle_1730983d2f0cde46a\"><div class=\"panel-body toggle-content fusion-clearfix\"><em>Par Isabelle Bieri (079 506 58 63 \/\u00a0<a class=\"link2\" href=\"mailto:isabelle.bieri62@gmail.com\">isabelle.bieri62@gmail.com<\/a>)<\/em><\/p>\n<p>La gestion d\u2019un con\ufb02it par la m\u00e9diation fait appel aux ressources des personnes impliqu\u00e9es. Ce module permet d\u2019acqu\u00e9rir les bases du processus de m\u00e9diation et de comprendre en quoi la m\u00e9diation se distingue d\u2019autres modes de r\u00e9solution des conflits.<\/p>\n<p>Les prochains cours auront lieu \u00e0 une date qui sera d\u00e9termin\u00e9e prochainement.<br \/>\n(de 8h30 \u00e0 19h30 le vendredi et de 9h00 \u00e0 17h00 le samedi, les horaires pourront \u00eatre modifi\u00e9s en accord avec les participants et la formatrice)<\/p>\n<p><u><strong>Contenu du cours<\/strong><\/u>\u00a0:<\/p>\n<ul>\n<li>Sensibiliser les participant-e-s au processus de m\u00e9diation et \u00e0 sa d\u00e9ontologie<\/li>\n<li>D\u00e9crire les outils de la m\u00e9diation et leurs m\u00e9canismes<\/li>\n<li>Permettre aux participant-e-s d\u2019exp\u00e9rimenter certains de ces outils (\u00e9coute, reformulation, &#8230;)<\/li>\n<li>Jeux de r\u00f4les<\/li>\n<li>Situations apport\u00e9es par les participant-e-s (facultatif)<\/li>\n<\/ul>\n<p><u><strong>Objectif du cours<\/strong><\/u>\u00a0:<\/p>\n<p>Ce cours permet aux participant-e-s de :<\/p>\n<ul>\n<li>Se sensibiliser avec un processus de m\u00e9diation et la gestion coop\u00e9rative des con\ufb02its<\/li>\n<li>Exercer certains outils de la m\u00e9diation<\/li>\n<li>Faciliter le cas \u00e9ch\u00e9ant l\u2019acc\u00e8s \u00e0 la \u00ab<em>Formation Avanc\u00e9e en M\u00e9diation<\/em>\u00bb (FAM) organis\u00e9e au niveau romand par le\u00a0<em>Groupement Pro M\u00e9diation\u00a0<\/em>(GPM) ou formations offertes par\u00a0<em>l&rsquo;Institut Universitaire Kurth Boesch\u00a0<\/em>(IUKB)<\/li>\n<\/ul>\n<p>(Pour les renseignements et conditions d&rsquo;acc\u00e8s aux formations pr\u00e9cit\u00e9es, veuillez consultez le site du GPM www.mediations.ch ou de l&rsquo;IUKB www.iukb.ch)<\/p>\n<p><u><strong>Prix<\/strong><\/u>\u00a0: 400.-<br \/>\n( tout d\u00e9sistement doit \u00eatre annonc\u00e9 par courriel ou courrier \u00e0 la formatrice. En cas de d\u00e9sistement moins de 10 jours avant le d\u00e9but du cours, une somme de CHF 60.- sera retenue, et en cas de d\u00e9sistement moins de trois jours avant le d\u00e9but du cours, la totalit\u00e9 du prix du cours sera retenue ou exig\u00e9e)<\/p>\n<div class=\"fusion-fa-align-left\"><i class=\"fb-icon-element-1 fb-icon-element fontawesome-icon fa-file-pdf fas circle-no\" style=\"--awb-iconcolor:#0080b7;--awb-iconcolor-hover:#0080b7;--awb-font-size:32px;--awb-margin-right:16px;\"><\/i><\/div>\u00a0<a href=\"https:\/\/www.ultranima.ch\/mediane\/files\/2018\/06\/info_generales_et_conditions_des_cours.pdf\">Informations g\u00e9n\u00e9rales et conditions de participation<\/a><\/p>\n<div class=\"fusion-fa-align-left\"><i class=\"fb-icon-element-2 fb-icon-element fontawesome-icon fa-question-circle fas circle-no\" style=\"--awb-iconcolor:#0080b7;--awb-iconcolor-hover:#0080b7;--awb-font-size:32px;--awb-margin-right:16px;\"><\/i><\/div> <a href=\"http:\/\/www.ultranima.ch\/mediane\/nos-mediations\/quest-ce-que-la-mediation\/\">Questions fr\u00e9quentes<\/a><\/div><\/div><\/div><div class=\"fusion-panel panel-default panel-285e4976d61d86fa6 fusion-toggle-has-divider\"><div class=\"panel-heading\"><h4 class=\"panel-title toggle\" id=\"toggle_285e4976d61d86fa6\"><a aria-expanded=\"false\" aria-controls=\"285e4976d61d86fa6\" role=\"button\" data-toggle=\"collapse\" data-parent=\"#accordion-1266-1\" data-target=\"#285e4976d61d86fa6\" href=\"#285e4976d61d86fa6\"><span class=\"fusion-toggle-icon-wrapper\" aria-hidden=\"true\"><i class=\"fa-fusion-box active-icon awb-icon-minus\" aria-hidden=\"true\"><\/i><i class=\"fa-fusion-box inactive-icon awb-icon-plus\" aria-hidden=\"true\"><\/i><\/span><span class=\"fusion-toggle-heading\">Sensibilisation \u00e0 la gestion des conflits et \u00e0 la m\u00e9diation Niv.2<\/span><\/a><\/h4><\/div><div id=\"285e4976d61d86fa6\" class=\"panel-collapse collapse \" aria-labelledby=\"toggle_285e4976d61d86fa6\"><div class=\"panel-body toggle-content fusion-clearfix\"><em>Par Isabelle Bieri (079 506 58 63 \/\u00a0<a class=\"link2\" href=\"mailto:isabelle.bieri62@gmail.com\">isabelle.bieri62@gmail.com<\/a>)<\/em><\/p>\n<p>Ce module est destin\u00e9 aux participant-es qui ont suivi le module 1 ou qui ont d\u00e9j\u00e0 quelques connaissances en m\u00e9diation. Il leur permet de mettre en pratique et d\u2019\u00e9largir les notions acquises pr\u00e9c\u00e9demment (jeux de r\u00f4le).<\/p>\n<p>Sur demande, un cours de niveau 2 pourra \u00eatre organis\u00e9.<\/p>\n<p><u><strong>Contenu du cours<\/strong><\/u>\u00a0:<\/p>\n<ul>\n<li>Approfondir les connaissances acquises durant le module 1<\/li>\n<li>Exercer les outils de la m\u00e9diation dans des situations pratiques (jeux de r\u00f4le sur situations propos\u00e9es par l\u2019animatrice ou par les participant-es)<\/li>\n<\/ul>\n<p><strong><u>Objectifs du cours<\/u><\/strong>\u00a0:<\/p>\n<p>A l\u2019issue du module les participant-e-s auront pu :<\/p>\n<ul>\n<li>Mettre en pratique des situations de con\ufb02it<\/li>\n<li>Exercer certains outils de la m\u00e9diation et l\u2019approche coop\u00e9rative de la gestion des con\ufb02its<\/li>\n<li>Appr\u00e9cier les situations pouvant \u00eatre abord\u00e9es par le biais de la m\u00e9diation<\/li>\n<li>Faciliter le cas \u00e9ch\u00e9ant l\u2019acc\u00e8s \u00e0 la \u00ab<em>Formation Avanc\u00e9e en M\u00e9diation<\/em>\u00bb (FAM) organis\u00e9e au niveau romand par le\u00a0<em>Groupement Pro M\u00e9diation\u00a0<\/em>(GPM) ou formations offertes par\u00a0<em>l&rsquo;Institut Universitaire Kurth Boesch\u00a0<\/em>(IUKB)<\/li>\n<\/ul>\n<p>(Pour les renseignements et conditions d&rsquo;acc\u00e8s aux formations pr\u00e9cit\u00e9es, veuillez consultez le site du GPM www.mediations.ch ou de l&rsquo;IUKB www.iukb.ch)<\/p>\n<p><u><strong>Prix<\/strong><\/u>\u00a0: 400.-<\/p>\n<div class=\"fusion-fa-align-left\"><i class=\"fb-icon-element-3 fb-icon-element fontawesome-icon fa-file-pdf fas circle-no\" style=\"--awb-iconcolor:#0080b7;--awb-iconcolor-hover:#0080b7;--awb-font-size:32px;--awb-margin-right:16px;\"><\/i><\/div>\u00a0<a href=\"https:\/\/www.ultranima.ch\/mediane\/files\/2018\/06\/info_generales_et_conditions_des_cours.pdf\">Informations g\u00e9n\u00e9rales et conditions de participation<\/a><\/p>\n<div class=\"fusion-fa-align-left\"><i class=\"fb-icon-element-4 fb-icon-element fontawesome-icon fa-question-circle fas circle-no\" style=\"--awb-iconcolor:#0080b7;--awb-iconcolor-hover:#0080b7;--awb-font-size:32px;--awb-margin-right:16px;\"><\/i><\/div> <a href=\"http:\/\/www.ultranima.ch\/mediane\/nos-mediations\/quest-ce-que-la-mediation\/\">Questions fr\u00e9quentes<\/a><\/div><\/div><\/div><div class=\"fusion-panel panel-default panel-4e9e5a6f79fbccae1 fusion-toggle-has-divider\"><div class=\"panel-heading\"><h4 class=\"panel-title toggle\" id=\"toggle_4e9e5a6f79fbccae1\"><a aria-expanded=\"false\" aria-controls=\"4e9e5a6f79fbccae1\" role=\"button\" data-toggle=\"collapse\" data-parent=\"#accordion-1266-1\" data-target=\"#4e9e5a6f79fbccae1\" href=\"#4e9e5a6f79fbccae1\"><span class=\"fusion-toggle-icon-wrapper\" aria-hidden=\"true\"><i class=\"fa-fusion-box active-icon awb-icon-minus\" aria-hidden=\"true\"><\/i><i class=\"fa-fusion-box inactive-icon awb-icon-plus\" aria-hidden=\"true\"><\/i><\/span><span class=\"fusion-toggle-heading\">La m\u00e9diation, journ\u00e9e de pratique<\/span><\/a><\/h4><\/div><div id=\"4e9e5a6f79fbccae1\" class=\"panel-collapse collapse \" aria-labelledby=\"toggle_4e9e5a6f79fbccae1\"><div class=\"panel-body toggle-content fusion-clearfix\"><em>Par Isabelle Bieri (079 506 58 63 \/\u00a0<a class=\"link2\" href=\"mailto:isabelle.bieri62@gmail.com\">isabelle.bieri62@gmail.com<\/a>)<\/em><\/p>\n<p>Une journ\u00e9e de pratique peut \u00eatre fix\u00e9e sur demande.<br \/>\nCette journ\u00e9e est destin\u00e9e aux personnes ayant d\u00e9j\u00e0 suivi une formation \u00e0 la m\u00e9diation et souhaitant mettre en pratique les outils acquis.<\/p>\n<div class=\"fusion-fa-align-left\"><i class=\"fb-icon-element-5 fb-icon-element fontawesome-icon fa-file-pdf fas circle-no\" style=\"--awb-iconcolor:#0080b7;--awb-iconcolor-hover:#0080b7;--awb-font-size:32px;--awb-margin-right:16px;\"><\/i><\/div>\u00a0<a href=\"https:\/\/www.ultranima.ch\/mediane\/files\/2018\/06\/info_generales_et_conditions_des_cours.pdf\">Informations g\u00e9n\u00e9rales et conditions de participation<\/a><\/p>\n<div class=\"fusion-fa-align-left\"><i class=\"fb-icon-element-6 fb-icon-element fontawesome-icon fa-question-circle fas circle-no\" style=\"--awb-iconcolor:#0080b7;--awb-iconcolor-hover:#0080b7;--awb-font-size:32px;--awb-margin-right:16px;\"><\/i><\/div> <a href=\"http:\/\/www.ultranima.ch\/mediane\/nos-mediations\/quest-ce-que-la-mediation\/\">Questions fr\u00e9quentes<\/a><\/div><\/div><\/div><div class=\"fusion-panel panel-default panel-d9deef83c5be6cf80 fusion-toggle-has-divider\"><div class=\"panel-heading\"><h4 class=\"panel-title toggle\" id=\"toggle_d9deef83c5be6cf80\"><a aria-expanded=\"false\" aria-controls=\"d9deef83c5be6cf80\" role=\"button\" data-toggle=\"collapse\" data-parent=\"#accordion-1266-1\" data-target=\"#d9deef83c5be6cf80\" href=\"#d9deef83c5be6cf80\"><span class=\"fusion-toggle-icon-wrapper\" aria-hidden=\"true\"><i class=\"fa-fusion-box active-icon awb-icon-minus\" aria-hidden=\"true\"><\/i><i class=\"fa-fusion-box inactive-icon awb-icon-plus\" aria-hidden=\"true\"><\/i><\/span><span class=\"fusion-toggle-heading\">La Communication Non Violente (selon M.Rosenberg), d\u00e9couverte et pratique en 5 \u00e9tapes<\/span><\/a><\/h4><\/div><div id=\"d9deef83c5be6cf80\" class=\"panel-collapse collapse \" aria-labelledby=\"toggle_d9deef83c5be6cf80\"><div class=\"panel-body toggle-content fusion-clearfix\"><em>Par Laurence Bruschweiler (032 842 30 20 \/\u00a0<a class=\"link2\" href=\"mailto:bruschweiler@bluewin.ch\">bruschweiler@bluewin.ch<\/a>)<\/em><\/p>\n<p>La d\u00e9marche de Communication Non Violente (CNV) est l\u2019aboutissement des recherches de Marshall Rosenberg sur les causes de la violence. Elle vise \u00e0 nous permettre de solliciter ce qu\u2019il y a de plus humain en nous et en l\u2019autre quelles que soient les circonstances, y compris dans les situations de tension ou de conflit. Ce cheminement pas \u00e0 pas permet de d\u00e9couvrir la CNV et puis d\u2019approfondir la pratique \u00e0 travers les th\u00e8mes les plus importants. Si vous avez d\u00e9j\u00e0 suivi une introduction vous pouvez vous inscrire \u00e0 un module selon le th\u00e8me qui vous int\u00e9resse dans la mesure des places disponibles car la priorit\u00e9 sera donn\u00e9e aux personnes suivant les 5 modules.<\/p>\n<p><strong>Etape 1<\/strong>\u00a0: introduction premi\u00e8re partie<br \/>\n<strong>Etape 2<\/strong>\u00a0: introduction deuxi\u00e8me partie<\/p>\n<p><strong>Etape 3:<\/strong>\u00a0Th\u00e8me : autoempathie et empathie<br \/>\n<strong>Etape 4\u00a0<\/strong>: Th\u00e8me : col\u00e8re et culpabilit\u00e9 , comment les transformer.<br \/>\n<strong>Etape 5:<\/strong>\u00a0Th\u00e8me : dire non , recevoir un non, faire des demandes .<\/p>\n<p>LES DATES 2015 SERONT DETERMINEES PROCHAINEMENT<\/p>\n<p><u><strong>Prix par \u00e9tape<\/strong><\/u>\u00a0: 300.- (400.- si rembours\u00e9 par votre entreprise ou institution)<\/p>\n<p><strong><u>Lieu<\/u><\/strong>\u00a0: Locaux de mediaNE,\u00a0<em>h\u00f4tel des associations, rue Louis Favre 1, 2000 Neuch\u00e2tel<\/em><\/p>\n<p>Pour tous renseignements suppl\u00e9mentaires, contacter la formatrice.<\/p>\n<div class=\"fusion-fa-align-left\"><i class=\"fb-icon-element-7 fb-icon-element fontawesome-icon fa-file-pdf fas circle-no\" style=\"--awb-iconcolor:#0080b7;--awb-iconcolor-hover:#0080b7;--awb-font-size:32px;--awb-margin-right:16px;\"><\/i><\/div>\u00a0<a href=\"https:\/\/www.ultranima.ch\/mediane\/files\/2018\/06\/info_generales_et_conditions_des_cours.pdf\">Informations g\u00e9n\u00e9rales et conditions de participation<\/a><\/p>\n<div class=\"fusion-fa-align-left\"><i class=\"fb-icon-element-8 fb-icon-element fontawesome-icon fa-question-circle fas circle-no\" style=\"--awb-iconcolor:#0080b7;--awb-iconcolor-hover:#0080b7;--awb-font-size:32px;--awb-margin-right:16px;\"><\/i><\/div> <a href=\"http:\/\/www.ultranima.ch\/mediane\/nos-mediations\/quest-ce-que-la-mediation\/\">Questions fr\u00e9quentes<\/a><\/div><\/div><\/div><div class=\"fusion-panel panel-default panel-0bd162b739bc3205d fusion-toggle-has-divider\"><div class=\"panel-heading\"><h4 class=\"panel-title toggle\" id=\"toggle_0bd162b739bc3205d\"><a aria-expanded=\"false\" aria-controls=\"0bd162b739bc3205d\" role=\"button\" data-toggle=\"collapse\" data-parent=\"#accordion-1266-1\" data-target=\"#0bd162b739bc3205d\" href=\"#0bd162b739bc3205d\"><span class=\"fusion-toggle-icon-wrapper\" aria-hidden=\"true\"><i class=\"fa-fusion-box active-icon awb-icon-minus\" aria-hidden=\"true\"><\/i><i class=\"fa-fusion-box inactive-icon awb-icon-plus\" aria-hidden=\"true\"><\/i><\/span><span class=\"fusion-toggle-heading\">Introduction Communication Non Violente (selon M.Rosenberg), introduction en deux modules<\/span><\/a><\/h4><\/div><div id=\"0bd162b739bc3205d\" class=\"panel-collapse collapse \" aria-labelledby=\"toggle_0bd162b739bc3205d\"><div class=\"panel-body toggle-content fusion-clearfix\"><em>Par Laurence Bruschweiler (032 842 30 20 \/\u00a0<a href=\"mailto:bruschweiler@bluewin.ch\">bruschweiler@bluewin.ch<\/a>)<\/em><br \/>\nDates:\u00a0les dates pour 2015 ne sont pas encore fix\u00e9es<br \/>\nObjectifs\u00a0:<\/p>\n<p>Ces s\u00e9minaires ont pour but :<\/p>\n<ul>\n<li>De permettre aux participant-e-s de pratiquer l\u2019art du dialogue en Communication Non Violente et de rep\u00e9rer ce qui soutient un \u00e9change constructif ou bien ce qui l\u2019entrave et g\u00e9n\u00e8re des con\ufb02its.<\/li>\n<li>D\u2019apprendre \u00e0 g\u00e9rer des diff\u00e9rends.<\/li>\n<\/ul>\n<p><strong>Moyens\u00a0:<\/strong><br \/>\nApprofondir les bases de la Communication Non Violente Selon le processus cr\u00e9\u00e9 par Marshall B. Rosenberg.<\/p>\n<p><strong>Contenu\u00a0:<\/strong><\/p>\n<p>A l\u2019issue de ce s\u00e9minaire, les participant-e-s auront la compr\u00e9hension des \u00e9l\u00e9ments suivants :<\/p>\n<ul>\n<li>Faire des demandes de connexion qui aident \u00e0 cr\u00e9er un climat de con\ufb01ance.<\/li>\n<li>Faire suivre ses besoins de demandes concr\u00e8tes et r\u00e9alisables.<\/li>\n<li>Pratiquer une \u00e9coute empathique des sentiments et des besoins de l\u2019autre.<\/li>\n<li>Faire la diff\u00e9rence entre \u00e9couter l\u2019autre et l\u2019approuver.<\/li>\n<li>Faire la diff\u00e9rence entre laisser le choix et obliger.<\/li>\n<\/ul>\n<p><strong>M\u00e9thode\u00a0:<\/strong><br \/>\nApports th\u00e9oriques, \u00e9changes et jeux de r\u00f4le. Le travail se fait de mani\u00e8re vivante, \u00e0 partir de situations v\u00e9cues par les participant-e-s.<br \/>\n<strong>Prix\u00a0:<\/strong> 300.- (400.- si rembours\u00e9 par votre entreprise ou institution)<\/p>\n<p><strong>Lieu\u00a0:<\/strong> Locaux de mediaNE, h\u00f4tel des associations, rue Louis Favre 1, 2000 Neuch\u00e2tel<\/p>\n<p>Pour tout renseignement compl\u00e9mentaire, vous pouvez contacter la formatrice.<\/p>\n<div class=\"fusion-fa-align-left\"><i class=\"fb-icon-element-9 fb-icon-element fontawesome-icon fa-file-pdf fas circle-no\" style=\"--awb-iconcolor:#0080b7;--awb-iconcolor-hover:#0080b7;--awb-font-size:32px;--awb-margin-right:16px;\"><\/i><\/div>\u00a0<a href=\"https:\/\/www.ultranima.ch\/mediane\/files\/2018\/06\/info_generales_et_conditions_des_cours.pdf\">Informations g\u00e9n\u00e9rales et conditions de participation<\/a><\/p>\n<div class=\"fusion-fa-align-left\"><i class=\"fb-icon-element-10 fb-icon-element fontawesome-icon fa-question-circle fas circle-no\" style=\"--awb-iconcolor:#0080b7;--awb-iconcolor-hover:#0080b7;--awb-font-size:32px;--awb-margin-right:16px;\"><\/i><\/div> <a href=\"http:\/\/www.ultranima.ch\/mediane\/nos-mediations\/quest-ce-que-la-mediation\/\">Questions fr\u00e9quentes<\/a><\/div><\/div><\/div><\/div><\/div><div class=\"fusion-clearfix\"><\/div><\/div><\/div><div class=\"fusion-layout-column fusion_builder_column fusion-builder-column-1 fusion_builder_column_1_2 1_2 fusion-one-half fusion-column-last\" style=\"--awb-padding-top:40px;--awb-padding-right:60px;--awb-padding-bottom:40px;--awb-padding-left:60px;--awb-bg-color:#ffffff;--awb-bg-color-hover:#ffffff;--awb-bg-size:cover;--awb-border-color:#e2e2e2;--awb-border-top:1px;--awb-border-right:1px;--awb-border-bottom:1px;--awb-border-left:1px;--awb-border-style:solid;width:50%;width:calc(50% - ( ( 4% ) * 0.5 ) );\"><div class=\"fusion-column-wrapper fusion-flex-column-wrapper-legacy\"><div class=\"fusion-title title fusion-title-1 fusion-sep-none fusion-title-text fusion-title-size-two\" style=\"--awb-margin-top-small:10px;--awb-margin-right-small:0px;--awb-margin-bottom-small:10px;--awb-margin-left-small:0px;\"><h2 class=\"fusion-title-heading title-heading-left\" style=\"margin:0;\">Inscription \u00e0 une formation<\/h2><\/div><div class=\"fusion-sep-clear\"><\/div><div class=\"fusion-separator fusion-full-width-sep\" style=\"margin-left: auto;margin-right: auto;margin-bottom:20px;width:100%;\"><\/div><div class=\"fusion-sep-clear\"><\/div><p class=\"wpcf7-contact-form-not-found\"><strong>Erreur\u00a0:<\/strong> Formulaire de contact non trouv\u00e9\u00a0!<\/p><div class=\"fusion-clearfix\"><\/div><\/div><\/div><\/div><\/div>\n","protected":false},"excerpt":{"rendered":"","protected":false},"author":1,"featured_media":0,"parent":14,"menu_order":0,"comment_status":"closed","ping_status":"closed","template":"","meta":{"footnotes":""},"class_list":["post-1266","page","type-page","status-publish","hentry"],"_links":{"self":[{"href":"https:\/\/www.ultranima.ch\/mediane\/wp-json\/wp\/v2\/pages\/1266","targetHints":{"allow":["GET"]}}],"collection":[{"href":"https:\/\/www.ultranima.ch\/mediane\/wp-json\/wp\/v2\/pages"}],"about":[{"href":"https:\/\/www.ultranima.ch\/mediane\/wp-json\/wp\/v2\/types\/page"}],"author":[{"embeddable":true,"href":"https:\/\/www.ultranima.ch\/mediane\/wp-json\/wp\/v2\/users\/1"}],"replies":[{"embeddable":true,"href":"https:\/\/www.ultranima.ch\/mediane\/wp-json\/wp\/v2\/comments?post=1266"}],"version-history":[{"count":13,"href":"https:\/\/www.ultranima.ch\/mediane\/wp-json\/wp\/v2\/pages\/1266\/revisions"}],"predecessor-version":[{"id":1419,"href":"https:\/\/www.ultranima.ch\/mediane\/wp-json\/wp\/v2\/pages\/1266\/revisions\/1419"}],"up":[{"embeddable":true,"href":"https:\/\/www.ultranima.ch\/mediane\/wp-json\/wp\/v2\/pages\/14"}],"wp:attachment":[{"href":"https:\/\/www.ultranima.ch\/mediane\/wp-json\/wp\/v2\/media?parent=1266"}],"curies":[{"name":"wp","href":"https:\/\/api.w.org\/{rel}","templated":true}]}}