{"id":2598,"date":"2023-04-03T12:37:33","date_gmt":"2023-04-03T10:37:33","guid":{"rendered":"https:\/\/www.ultranima.ch\/intermede\/?page_id=2598"},"modified":"2023-04-03T13:00:56","modified_gmt":"2023-04-03T11:00:56","slug":"mediation-penale-des-mineurs","status":"publish","type":"page","link":"https:\/\/www.ultranima.ch\/intermede\/pour-qui\/etat-et-tribunaux\/mediation-penale-des-mineurs\/","title":{"rendered":"M\u00e9diation p\u00e9nale des mineurs"},"content":{"rendered":"<div class=\"fusion-fullwidth fullwidth-box fusion-builder-row-1 fusion-flex-container has-pattern-background has-mask-background nonhundred-percent-fullwidth non-hundred-percent-height-scrolling\" style=\"--awb-border-radius-top-left:0px;--awb-border-radius-top-right:0px;--awb-border-radius-bottom-right:0px;--awb-border-radius-bottom-left:0px;--awb-flex-wrap:wrap;\" ><div class=\"fusion-builder-row fusion-row fusion-flex-align-items-flex-start fusion-flex-content-wrap\" style=\"max-width:1227.2px;margin-left: calc(-4% \/ 2 );margin-right: calc(-4% \/ 2 );\"><div class=\"fusion-layout-column fusion_builder_column fusion-builder-column-0 fusion_builder_column_1_1 1_1 fusion-flex-column\" style=\"--awb-bg-size:cover;--awb-width-large:100%;--awb-margin-top-large:15px;--awb-spacing-right-large:1.92%;--awb-margin-bottom-large:15px;--awb-spacing-left-large:1.92%;--awb-width-medium:100%;--awb-order-medium:0;--awb-spacing-right-medium:1.92%;--awb-spacing-left-medium:1.92%;--awb-width-small:100%;--awb-order-small:0;--awb-spacing-right-small:1.92%;--awb-spacing-left-small:1.92%;\"><div class=\"fusion-column-wrapper fusion-column-has-shadow fusion-flex-justify-content-flex-start fusion-content-layout-column\"><div class=\"fusion-text fusion-text-1\"><h3>La m\u00e9diation p\u00e9nale des mineurs<\/h3>\n<p>La m\u00e9diation p\u00e9nale a \u00e9t\u00e9 introduite en 2003 dans le droit p\u00e9nal suisse des mineurs, puis en 2009 dans la proc\u00e9dure p\u00e9nale applicable aux mineurs.<\/p>\n<p>Depuis, l\u2019autorit\u00e9 d\u2019instruction p\u00e9nale et les tribunaux p\u00e9naux peuvent en tout temps suspendre la proc\u00e9dure et charger un m\u00e9diateur de trouver des solutions n\u00e9goci\u00e9es entre la ou les victimes et le ou les mineurs mis en cause.<\/p>\n<p>L\u2019objectif est d\u2019aider ces derni\u00e8res \u00e0 r\u00e9soudre leur conflit et \u00e0 trouver des solutions pour r\u00e9parer le dommage de la victime. La m\u00e9diation permet en outre de responsabiliser le mineur mis en cause et de contribuer \u00e0 sa r\u00e9insertion.<\/p>\n<p>A des degr\u00e9s divers en Suisse romande, les juges p\u00e9naux des mineurs d\u00e9l\u00e8guent ce genre de litiges \u00e0 des m\u00e9diateurs. Ces m\u00e9diations sont en g\u00e9n\u00e9ral couronn\u00e9es de succ\u00e8s et ont un effet positif av\u00e9r\u00e9 sur les risques de r\u00e9cidive.<\/p>\n<\/div><\/div><\/div><\/div><\/div>\n","protected":false},"excerpt":{"rendered":"","protected":false},"author":23,"featured_media":0,"parent":2171,"menu_order":0,"comment_status":"closed","ping_status":"closed","template":"","meta":{"footnotes":""},"class_list":["post-2598","page","type-page","status-publish","hentry"],"_links":{"self":[{"href":"https:\/\/www.ultranima.ch\/intermede\/wp-json\/wp\/v2\/pages\/2598","targetHints":{"allow":["GET"]}}],"collection":[{"href":"https:\/\/www.ultranima.ch\/intermede\/wp-json\/wp\/v2\/pages"}],"about":[{"href":"https:\/\/www.ultranima.ch\/intermede\/wp-json\/wp\/v2\/types\/page"}],"author":[{"embeddable":true,"href":"https:\/\/www.ultranima.ch\/intermede\/wp-json\/wp\/v2\/users\/23"}],"replies":[{"embeddable":true,"href":"https:\/\/www.ultranima.ch\/intermede\/wp-json\/wp\/v2\/comments?post=2598"}],"version-history":[{"count":2,"href":"https:\/\/www.ultranima.ch\/intermede\/wp-json\/wp\/v2\/pages\/2598\/revisions"}],"predecessor-version":[{"id":2608,"href":"https:\/\/www.ultranima.ch\/intermede\/wp-json\/wp\/v2\/pages\/2598\/revisions\/2608"}],"up":[{"embeddable":true,"href":"https:\/\/www.ultranima.ch\/intermede\/wp-json\/wp\/v2\/pages\/2171"}],"wp:attachment":[{"href":"https:\/\/www.ultranima.ch\/intermede\/wp-json\/wp\/v2\/media?parent=2598"}],"curies":[{"name":"wp","href":"https:\/\/api.w.org\/{rel}","templated":true}]}}