{"id":2260,"date":"2023-03-10T12:40:54","date_gmt":"2023-03-10T11:40:54","guid":{"rendered":"https:\/\/www.ultranima.ch\/intermede\/?page_id=2260"},"modified":"2023-04-25T18:26:33","modified_gmt":"2023-04-25T16:26:33","slug":"lequipe","status":"publish","type":"page","link":"https:\/\/www.ultranima.ch\/intermede\/lequipe\/","title":{"rendered":"L&rsquo;\u00e9quipe"},"content":{"rendered":"<p><div class=\"fusion-fullwidth fullwidth-box fusion-builder-row-1 fusion-flex-container has-pattern-background has-mask-background nonhundred-percent-fullwidth non-hundred-percent-height-scrolling\" style=\"--awb-border-radius-top-left:0px;--awb-border-radius-top-right:0px;--awb-border-radius-bottom-right:0px;--awb-border-radius-bottom-left:0px;--awb-flex-wrap:wrap;\" ><div class=\"fusion-builder-row fusion-row fusion-flex-align-items-flex-start fusion-flex-content-wrap\" style=\"max-width:1227.2px;margin-left: calc(-4% \/ 2 );margin-right: calc(-4% \/ 2 );\"><div class=\"fusion-layout-column fusion_builder_column fusion-builder-column-0 fusion_builder_column_1_4 1_4 fusion-flex-column\" style=\"--awb-bg-size:cover;--awb-width-large:25%;--awb-margin-top-large:15px;--awb-spacing-right-large:7.68%;--awb-margin-bottom-large:15px;--awb-spacing-left-large:7.68%;--awb-width-medium:100%;--awb-order-medium:0;--awb-spacing-right-medium:1.92%;--awb-spacing-left-medium:1.92%;--awb-width-small:100%;--awb-order-small:0;--awb-spacing-right-small:1.92%;--awb-spacing-left-small:1.92%;\"><div class=\"fusion-column-wrapper fusion-column-has-shadow fusion-flex-justify-content-flex-start fusion-content-layout-column\"><\/div><\/div><div class=\"fusion-layout-column fusion_builder_column fusion-builder-column-1 fusion_builder_column_1_2 1_2 fusion-flex-column\" style=\"--awb-bg-size:cover;--awb-width-large:50%;--awb-margin-top-large:15px;--awb-spacing-right-large:3.84%;--awb-margin-bottom-large:15px;--awb-spacing-left-large:3.84%;--awb-width-medium:100%;--awb-order-medium:0;--awb-spacing-right-medium:1.92%;--awb-spacing-left-medium:1.92%;--awb-width-small:100%;--awb-order-small:0;--awb-spacing-right-small:1.92%;--awb-spacing-left-small:1.92%;\"><div class=\"fusion-column-wrapper fusion-column-has-shadow fusion-flex-justify-content-flex-start fusion-content-layout-column\"><div class=\"fusion-image-element \" style=\"--awb-caption-title-font-family:var(--h2_typography-font-family);--awb-caption-title-font-weight:var(--h2_typography-font-weight);--awb-caption-title-font-style:var(--h2_typography-font-style);--awb-caption-title-size:var(--h2_typography-font-size);--awb-caption-title-transform:var(--h2_typography-text-transform);--awb-caption-title-line-height:var(--h2_typography-line-height);--awb-caption-title-letter-spacing:var(--h2_typography-letter-spacing);\"><span class=\" fusion-imageframe imageframe-none imageframe-1 hover-type-none\"><img decoding=\"async\" width=\"2560\" height=\"2560\" alt=\"L&#039;\u00e9quipe d&#039;Interm\u00e8de\" title=\"L&rsquo;\u00e9quipe d&rsquo;Interm\u00e8de\" src=\"http:\/\/www.ultranima.ch\/intermede\/files\/2023\/04\/intermede-DSC07977-Edit-Edit_pp-scaled.jpg\" class=\"img-responsive wp-image-2844\" srcset=\"https:\/\/www.ultranima.ch\/intermede\/files\/2023\/04\/intermede-DSC07977-Edit-Edit_pp-200x200.jpg 200w, https:\/\/www.ultranima.ch\/intermede\/files\/2023\/04\/intermede-DSC07977-Edit-Edit_pp-400x400.jpg 400w, https:\/\/www.ultranima.ch\/intermede\/files\/2023\/04\/intermede-DSC07977-Edit-Edit_pp-600x600.jpg 600w, https:\/\/www.ultranima.ch\/intermede\/files\/2023\/04\/intermede-DSC07977-Edit-Edit_pp-800x800.jpg 800w, https:\/\/www.ultranima.ch\/intermede\/files\/2023\/04\/intermede-DSC07977-Edit-Edit_pp-1200x1200.jpg 1200w, https:\/\/www.ultranima.ch\/intermede\/files\/2023\/04\/intermede-DSC07977-Edit-Edit_pp-scaled.jpg 2560w\" sizes=\"(max-width: 1024px) 100vw, (max-width: 640px) 100vw, 600px\" \/><\/span><\/div><div class=\"fusion-text fusion-text-1\" style=\"--awb-margin-top:0px;\"><p style=\"text-align: center;\">L&rsquo;\u00e9quipe d&rsquo;Interm\u00e8de de gauche \u00e0 droite: Jonathan Jenny, Val\u00e9rie Kernen, Luc Wenger<\/p>\n<\/div><div class=\"fusion-separator fusion-full-width-sep\" style=\"align-self: center;margin-left: auto;margin-right: auto;margin-bottom:50px;width:100%;\"><\/div><\/div><\/div><div class=\"fusion-layout-column fusion_builder_column fusion-builder-column-2 fusion_builder_column_1_4 1_4 fusion-flex-column\" style=\"--awb-bg-size:cover;--awb-width-large:25%;--awb-margin-top-large:15px;--awb-spacing-right-large:7.68%;--awb-margin-bottom-large:15px;--awb-spacing-left-large:7.68%;--awb-width-medium:100%;--awb-order-medium:0;--awb-spacing-right-medium:1.92%;--awb-spacing-left-medium:1.92%;--awb-width-small:100%;--awb-order-small:0;--awb-spacing-right-small:1.92%;--awb-spacing-left-small:1.92%;\"><div class=\"fusion-column-wrapper fusion-column-has-shadow fusion-flex-justify-content-flex-start fusion-content-layout-column\"><\/div><\/div><\/div><\/div><div class=\"fusion-fullwidth fullwidth-box fusion-builder-row-2 fusion-flex-container has-pattern-background has-mask-background nonhundred-percent-fullwidth non-hundred-percent-height-scrolling\" style=\"--awb-border-radius-top-left:0px;--awb-border-radius-top-right:0px;--awb-border-radius-bottom-right:0px;--awb-border-radius-bottom-left:0px;--awb-flex-wrap:wrap;\" ><div class=\"fusion-builder-row fusion-row fusion-flex-align-items-flex-start fusion-flex-content-wrap\" style=\"max-width:1227.2px;margin-left: calc(-4% \/ 2 );margin-right: calc(-4% \/ 2 );\"><div class=\"fusion-layout-column fusion_builder_column fusion-builder-column-3 fusion_builder_column_1_1 1_1 fusion-flex-column\" style=\"--awb-bg-size:cover;--awb-width-large:100%;--awb-margin-top-large:15px;--awb-spacing-right-large:1.92%;--awb-margin-bottom-large:15px;--awb-spacing-left-large:1.92%;--awb-width-medium:100%;--awb-order-medium:0;--awb-spacing-right-medium:1.92%;--awb-spacing-left-medium:1.92%;--awb-width-small:100%;--awb-order-small:0;--awb-spacing-right-small:1.92%;--awb-spacing-left-small:1.92%;\"><div class=\"fusion-column-wrapper fusion-column-has-shadow fusion-flex-justify-content-flex-start fusion-content-layout-column\"><div class=\"fusion-image-element \" style=\"--awb-caption-title-font-family:var(--h2_typography-font-family);--awb-caption-title-font-weight:var(--h2_typography-font-weight);--awb-caption-title-font-style:var(--h2_typography-font-style);--awb-caption-title-size:var(--h2_typography-font-size);--awb-caption-title-transform:var(--h2_typography-text-transform);--awb-caption-title-line-height:var(--h2_typography-line-height);--awb-caption-title-letter-spacing:var(--h2_typography-letter-spacing);\"><span class=\" fusion-imageframe imageframe-none imageframe-2 hover-type-none\"><img decoding=\"async\" width=\"2560\" height=\"1224\" alt=\"L&#039;\u00e9quipe d&#039;Interm\u00e8de\" title=\"L&rsquo;\u00e9quipe d&rsquo;Interm\u00e8de\" src=\"http:\/\/www.ultranima.ch\/intermede\/files\/2023\/04\/intermede-DSC07977-Edit-Edit_pp-fin-scaled.jpg\" class=\"img-responsive wp-image-2890\" srcset=\"https:\/\/www.ultranima.ch\/intermede\/files\/2023\/04\/intermede-DSC07977-Edit-Edit_pp-fin-200x96.jpg 200w, https:\/\/www.ultranima.ch\/intermede\/files\/2023\/04\/intermede-DSC07977-Edit-Edit_pp-fin-400x191.jpg 400w, https:\/\/www.ultranima.ch\/intermede\/files\/2023\/04\/intermede-DSC07977-Edit-Edit_pp-fin-600x287.jpg 600w, https:\/\/www.ultranima.ch\/intermede\/files\/2023\/04\/intermede-DSC07977-Edit-Edit_pp-fin-800x383.jpg 800w, https:\/\/www.ultranima.ch\/intermede\/files\/2023\/04\/intermede-DSC07977-Edit-Edit_pp-fin-1200x574.jpg 1200w, https:\/\/www.ultranima.ch\/intermede\/files\/2023\/04\/intermede-DSC07977-Edit-Edit_pp-fin-scaled.jpg 2560w\" sizes=\"(max-width: 1024px) 100vw, (max-width: 640px) 100vw, 1200px\" \/><\/span><\/div><div class=\"fusion-text fusion-text-2\" style=\"--awb-margin-top:0px;\"><p style=\"text-align: center;\">L&rsquo;\u00e9quipe d&rsquo;Interm\u00e8de de gauche \u00e0 droite: Jonathan Jenny, Val\u00e9rie Kernen, Luc Wenger<\/p>\n<\/div><\/div><\/div><\/div><\/div><div class=\"fusion-fullwidth fullwidth-box fusion-builder-row-3 fusion-flex-container has-pattern-background has-mask-background nonhundred-percent-fullwidth non-hundred-percent-height-scrolling\" style=\"--awb-border-radius-top-left:0px;--awb-border-radius-top-right:0px;--awb-border-radius-bottom-right:0px;--awb-border-radius-bottom-left:0px;--awb-flex-wrap:wrap;\" ><div class=\"fusion-builder-row fusion-row fusion-flex-align-items-flex-start fusion-flex-content-wrap\" style=\"max-width:1227.2px;margin-left: calc(-4% \/ 2 );margin-right: calc(-4% \/ 2 );\"><div class=\"fusion-layout-column fusion_builder_column fusion-builder-column-4 fusion_builder_column_1_3 1_3 fusion-flex-column\" style=\"--awb-bg-size:cover;--awb-width-large:33.333333333333%;--awb-margin-top-large:15px;--awb-spacing-right-large:5.76%;--awb-margin-bottom-large:15px;--awb-spacing-left-large:5.76%;--awb-width-medium:100%;--awb-order-medium:0;--awb-spacing-right-medium:1.92%;--awb-spacing-left-medium:1.92%;--awb-width-small:100%;--awb-order-small:0;--awb-spacing-right-small:1.92%;--awb-spacing-left-small:1.92%;\"><div class=\"fusion-column-wrapper fusion-column-has-shadow fusion-flex-justify-content-flex-start fusion-content-layout-column\"><div class=\"fusion-image-element \" style=\"text-align:left;--awb-caption-title-font-family:var(--h2_typography-font-family);--awb-caption-title-font-weight:var(--h2_typography-font-weight);--awb-caption-title-font-style:var(--h2_typography-font-style);--awb-caption-title-size:var(--h2_typography-font-size);--awb-caption-title-transform:var(--h2_typography-text-transform);--awb-caption-title-line-height:var(--h2_typography-line-height);--awb-caption-title-letter-spacing:var(--h2_typography-letter-spacing);\"><span class=\" fusion-imageframe imageframe-none imageframe-3 hover-type-none\"><img decoding=\"async\" width=\"1828\" height=\"2560\" alt=\"Luc Wenger\" title=\"Luc Wenger\" src=\"http:\/\/www.ultranima.ch\/intermede\/files\/2023\/04\/DSC07959-Edit_pp-scaled.jpg\" class=\"img-responsive wp-image-2866\" srcset=\"https:\/\/www.ultranima.ch\/intermede\/files\/2023\/04\/DSC07959-Edit_pp-200x280.jpg 200w, https:\/\/www.ultranima.ch\/intermede\/files\/2023\/04\/DSC07959-Edit_pp-400x560.jpg 400w, https:\/\/www.ultranima.ch\/intermede\/files\/2023\/04\/DSC07959-Edit_pp-600x840.jpg 600w, https:\/\/www.ultranima.ch\/intermede\/files\/2023\/04\/DSC07959-Edit_pp-800x1120.jpg 800w, https:\/\/www.ultranima.ch\/intermede\/files\/2023\/04\/DSC07959-Edit_pp-1200x1680.jpg 1200w, https:\/\/www.ultranima.ch\/intermede\/files\/2023\/04\/DSC07959-Edit_pp-scaled.jpg 1828w\" sizes=\"(max-width: 1024px) 100vw, (max-width: 640px) 100vw, 400px\" \/><\/span><\/div><div class=\"fusion-text fusion-text-3\"><\/div><div class=\"fusion-text fusion-text-4\"><\/div><\/div><\/div><div class=\"fusion-layout-column fusion_builder_column fusion-builder-column-5 fusion_builder_column_2_3 2_3 fusion-flex-column\" style=\"--awb-bg-size:cover;--awb-width-large:66.666666666667%;--awb-margin-top-large:0px;--awb-spacing-right-large:2.88%;--awb-margin-bottom-large:15px;--awb-spacing-left-large:2.88%;--awb-width-medium:100%;--awb-order-medium:0;--awb-spacing-right-medium:1.92%;--awb-spacing-left-medium:1.92%;--awb-width-small:100%;--awb-order-small:0;--awb-spacing-right-small:1.92%;--awb-spacing-left-small:1.92%;\" data-scroll-devices=\"small-visibility,medium-visibility,large-visibility\"><div class=\"fusion-column-wrapper fusion-column-has-shadow fusion-flex-justify-content-flex-start fusion-content-layout-column\"><div class=\"fusion-text fusion-text-5\" style=\"--awb-content-alignment:left;--awb-margin-top:0px;\"><h4><strong>Luc Wenger &#8211; m\u00e9diateur FSM et coach ICF<br \/>\n<\/strong><\/h4>\n<p><strong>Motivation<\/strong>\u00a0: j\u2019aime les gens, j\u2019aime contribuer \u00e0 la qualit\u00e9 du lien dans les relations professionnelles et priv\u00e9es, leur donner plus de l\u00e9g\u00e8ret\u00e9, voire de plaisir. Et si possible aussi dans leurs relations avec eux-m\u00eames\u00a0! j\u2019aime aussi leur faire trouver du sens aux situations qu\u2019ils traversent.<\/p>\n<p><strong>Qualit\u00e9s\u00a0:\u00a0<\/strong>tol\u00e9rance, ouverture, efficacit\u00e9, pragmatisme, recul<\/p>\n<p><strong>Comp\u00e9tences\u00a0:\u00a0<\/strong>\u00a0\u00e9coute, analyse, suivi dans les accompagnements individuels, m\u00e9diations, dans la gestion des conflits, dans la formation Compr\u00e9hension des contextes institutionnels et professionnels, aguerrie par de nombreuses ann\u00e9es d\u2019exp\u00e9rience.<\/p>\n<p><strong>Parcours professionnel\u00a0:\u00a0<\/strong>pratique comme homme de loi, puis m\u00e9diateur\/personne de confiance dans une grande collectivit\u00e9 publique, avant de fonder Interm\u00e8de, m\u00e9diations et gestion de conflits, conflits et expertises comme ind\u00e9pendant, offrant les prestations d\u00e9crites dans le pr\u00e9sent site, avant tout pour les questions de climat de travail dans plusieurs dizaines d\u2019entreprises publiques et priv\u00e9es, mais aussi dans des conflits familiaux ou priv\u00e9s.<\/p>\n<p><strong>Formation\u00a0:\u00a0<\/strong>juriste de formation de base, puis formation approfondie \u00e0 la m\u00e9diation (m\u00e9diateur certifi\u00e9 FSM), formation en syst\u00e9mique et th\u00e9rapie syst\u00e9mique br\u00e8ve et en coaching.<\/p>\n<p><strong><a href=\"https:\/\/www.ultranima.ch\/intermede\/contact\/\">Contact<\/a>\u00a0\u00a0<\/strong><\/p>\n<\/div><\/div><\/div><\/div><\/div><div class=\"fusion-fullwidth fullwidth-box fusion-builder-row-4 fusion-flex-container has-pattern-background has-mask-background nonhundred-percent-fullwidth non-hundred-percent-height-scrolling\" style=\"--awb-border-radius-top-left:0px;--awb-border-radius-top-right:0px;--awb-border-radius-bottom-right:0px;--awb-border-radius-bottom-left:0px;--awb-flex-wrap:wrap;\" ><div class=\"fusion-builder-row fusion-row fusion-flex-align-items-flex-start fusion-flex-content-wrap\" style=\"max-width:1227.2px;margin-left: calc(-4% \/ 2 );margin-right: calc(-4% \/ 2 );\"><div class=\"fusion-layout-column fusion_builder_column fusion-builder-column-6 fusion_builder_column_1_3 1_3 fusion-flex-column\" style=\"--awb-bg-size:cover;--awb-width-large:33.333333333333%;--awb-margin-top-large:0px;--awb-spacing-right-large:5.76%;--awb-margin-bottom-large:15px;--awb-spacing-left-large:5.76%;--awb-width-medium:100%;--awb-order-medium:0;--awb-spacing-right-medium:1.92%;--awb-spacing-left-medium:1.92%;--awb-width-small:100%;--awb-order-small:0;--awb-spacing-right-small:1.92%;--awb-spacing-left-small:1.92%;\" data-scroll-devices=\"small-visibility,medium-visibility,large-visibility\"><div class=\"fusion-column-wrapper fusion-column-has-shadow fusion-flex-justify-content-flex-start fusion-content-layout-column\"><div class=\"fusion-image-element \" style=\"--awb-caption-title-font-family:var(--h2_typography-font-family);--awb-caption-title-font-weight:var(--h2_typography-font-weight);--awb-caption-title-font-style:var(--h2_typography-font-style);--awb-caption-title-size:var(--h2_typography-font-size);--awb-caption-title-transform:var(--h2_typography-text-transform);--awb-caption-title-line-height:var(--h2_typography-line-height);--awb-caption-title-letter-spacing:var(--h2_typography-letter-spacing);\"><span class=\" fusion-imageframe imageframe-none imageframe-4 hover-type-none\"><img decoding=\"async\" width=\"1828\" height=\"2560\" alt=\"Val\u00e9rie Kernen\" title=\"Val\u00e9rie Kernen\" src=\"http:\/\/www.ultranima.ch\/intermede\/files\/2023\/04\/valerie-kernen-DSC07927-Edit_pp2-scaled.jpg\" class=\"img-responsive wp-image-2847\" srcset=\"https:\/\/www.ultranima.ch\/intermede\/files\/2023\/04\/valerie-kernen-DSC07927-Edit_pp2-200x280.jpg 200w, https:\/\/www.ultranima.ch\/intermede\/files\/2023\/04\/valerie-kernen-DSC07927-Edit_pp2-400x560.jpg 400w, https:\/\/www.ultranima.ch\/intermede\/files\/2023\/04\/valerie-kernen-DSC07927-Edit_pp2-600x840.jpg 600w, https:\/\/www.ultranima.ch\/intermede\/files\/2023\/04\/valerie-kernen-DSC07927-Edit_pp2-800x1120.jpg 800w, https:\/\/www.ultranima.ch\/intermede\/files\/2023\/04\/valerie-kernen-DSC07927-Edit_pp2-1200x1680.jpg 1200w, https:\/\/www.ultranima.ch\/intermede\/files\/2023\/04\/valerie-kernen-DSC07927-Edit_pp2-scaled.jpg 1828w\" sizes=\"(max-width: 1024px) 100vw, (max-width: 640px) 100vw, 400px\" \/><\/span><\/div><\/div><\/div><div class=\"fusion-layout-column fusion_builder_column fusion-builder-column-7 fusion_builder_column_2_3 2_3 fusion-flex-column\" style=\"--awb-bg-size:cover;--awb-width-large:66.666666666667%;--awb-margin-top-large:0px;--awb-spacing-right-large:2.88%;--awb-margin-bottom-large:15px;--awb-spacing-left-large:2.88%;--awb-width-medium:100%;--awb-order-medium:0;--awb-spacing-right-medium:1.92%;--awb-spacing-left-medium:1.92%;--awb-width-small:100%;--awb-order-small:0;--awb-spacing-right-small:1.92%;--awb-spacing-left-small:1.92%;\" data-scroll-devices=\"small-visibility,medium-visibility,large-visibility\"><div class=\"fusion-column-wrapper fusion-column-has-shadow fusion-flex-justify-content-flex-start fusion-content-layout-column\"><div class=\"fusion-text fusion-text-6\" style=\"--awb-margin-top:0px;\"><p><strong>Val\u00e9rie Kernen \u2013 M\u00e9diatrice FSM<\/strong><\/p>\n<p><strong>Motivation<\/strong>\u00a0: passionn\u00e9e par les enjeux interpersonnels et la richesse qui se cache en chacun-e, j\u2019ai envie de contribuer au d\u00e9veloppement de relations humaines vivantes, authentiques et \u00e9quilibr\u00e9es au sein de la soci\u00e9t\u00e9. J\u2019aime intervenir dans des milieux tr\u00e8s divers, incluant le monde du travail, la vie associative et familiale, ainsi que dans le domaine de la justice restaurative.<\/p>\n<p><strong>Qualit\u00e9s<\/strong>\u00a0: ouverture, curiosit\u00e9, engagement<\/p>\n<p><strong>Comp\u00e9tences<\/strong>\u00a0: accompagnement individuel, m\u00e9diation (pour particuliers, employeurs, \u00e9tat et tribunaux), pr\u00e9vention et gestion des conflits au sein des organisations, cours de sensibilisation \u00e0 la gestion des conflits et au harc\u00e8lement, analyse de climat de travail, intervention en th\u00e9rapie sociale pour les groupes, praticienne en justice restaurative<\/p>\n<p><strong>Parcours<\/strong>\u00a0<strong>professionnel<\/strong>: Apr\u00e8s avoir travaill\u00e9 20 ans comme journaliste et reporter en Suisse comme \u00e0 l\u2019\u00e9tranger, j\u2019ai souhait\u00e9 centrer mes activit\u00e9s sur le dialogue et les approches de r\u00e9solution des conflits \u00e0 l\u2019amiable, de peacebuilding et de r\u00e9conciliation. Je travaille avec Interm\u00e8de depuis mes premiers pas de stagiaire en 2019 et j\u2019ai eu l\u2019occasion de participer \u00e0 de nombreux processus de m\u00e9diation, de mener des analyses de climat de travail, d\u2019accompagner des situations complexes au sein de familles et de coanimer des sensibilisations et des formations en entreprise sur la gestion des conflits. Je suis certifi\u00e9e par la F\u00e9d\u00e9ration Suisse des M\u00e9diateurs depuis 2021. En parall\u00e8le, je travaille avec le Forum suisse pour la justice restaurative dans le cadre de dialogues restauratifs en prison.<\/p>\n<p><strong>Formation<\/strong>\u00a0: CAS et CAS + en m\u00e9diation de l\u2019Universit\u00e9 de Fribourg. Formation de 4 ans comme intervenante en Th\u00e9rapie sociale (Cycle 1 termin\u00e9- Cycle 2 en cours). Cours compl\u00e9mentaires en Communication non violente, EmotionAid (premier secours \u00e9motionnels) et dans le domaine de la justice restaurative, notamment pour les cas sensibles et complexes.<\/p>\n<p><a href=\"https:\/\/www.ultranima.ch\/intermede\/contact\/\">Contact<\/a><\/p>\n<\/div><\/div><\/div><\/div><\/div><div class=\"fusion-fullwidth fullwidth-box fusion-builder-row-5 fusion-flex-container has-pattern-background has-mask-background nonhundred-percent-fullwidth non-hundred-percent-height-scrolling\" style=\"--awb-border-radius-top-left:0px;--awb-border-radius-top-right:0px;--awb-border-radius-bottom-right:0px;--awb-border-radius-bottom-left:0px;--awb-flex-wrap:wrap;\" ><div class=\"fusion-builder-row fusion-row fusion-flex-align-items-flex-start fusion-flex-content-wrap\" style=\"max-width:1227.2px;margin-left: calc(-4% \/ 2 );margin-right: calc(-4% \/ 2 );\"><div class=\"fusion-layout-column fusion_builder_column fusion-builder-column-8 fusion_builder_column_1_3 1_3 fusion-flex-column\" style=\"--awb-bg-size:cover;--awb-width-large:33.333333333333%;--awb-margin-top-large:0px;--awb-spacing-right-large:5.76%;--awb-margin-bottom-large:15px;--awb-spacing-left-large:5.76%;--awb-width-medium:100%;--awb-order-medium:0;--awb-spacing-right-medium:1.92%;--awb-spacing-left-medium:1.92%;--awb-width-small:100%;--awb-order-small:0;--awb-spacing-right-small:1.92%;--awb-spacing-left-small:1.92%;\" data-scroll-devices=\"small-visibility,medium-visibility,large-visibility\"><div class=\"fusion-column-wrapper fusion-column-has-shadow fusion-flex-justify-content-flex-start fusion-content-layout-column\"><div class=\"fusion-image-element \" style=\"--awb-caption-title-font-family:var(--h2_typography-font-family);--awb-caption-title-font-weight:var(--h2_typography-font-weight);--awb-caption-title-font-style:var(--h2_typography-font-style);--awb-caption-title-size:var(--h2_typography-font-size);--awb-caption-title-transform:var(--h2_typography-text-transform);--awb-caption-title-line-height:var(--h2_typography-line-height);--awb-caption-title-letter-spacing:var(--h2_typography-letter-spacing);\"><span class=\" fusion-imageframe imageframe-none imageframe-5 hover-type-none\"><img decoding=\"async\" width=\"1829\" height=\"2560\" alt=\"Jonathan Jenny\" title=\"Jonathan Jenny\" src=\"http:\/\/www.ultranima.ch\/intermede\/files\/2023\/04\/jonathan-jenny-DSC07949-Edit_pp-scaled.jpg\" class=\"img-responsive wp-image-2845\" srcset=\"https:\/\/www.ultranima.ch\/intermede\/files\/2023\/04\/jonathan-jenny-DSC07949-Edit_pp-200x280.jpg 200w, https:\/\/www.ultranima.ch\/intermede\/files\/2023\/04\/jonathan-jenny-DSC07949-Edit_pp-400x560.jpg 400w, https:\/\/www.ultranima.ch\/intermede\/files\/2023\/04\/jonathan-jenny-DSC07949-Edit_pp-600x840.jpg 600w, https:\/\/www.ultranima.ch\/intermede\/files\/2023\/04\/jonathan-jenny-DSC07949-Edit_pp-800x1120.jpg 800w, https:\/\/www.ultranima.ch\/intermede\/files\/2023\/04\/jonathan-jenny-DSC07949-Edit_pp-1200x1680.jpg 1200w, https:\/\/www.ultranima.ch\/intermede\/files\/2023\/04\/jonathan-jenny-DSC07949-Edit_pp-scaled.jpg 1829w\" sizes=\"(max-width: 1024px) 100vw, (max-width: 640px) 100vw, 400px\" \/><\/span><\/div><\/div><\/div><div class=\"fusion-layout-column fusion_builder_column fusion-builder-column-9 fusion_builder_column_2_3 2_3 fusion-flex-column\" style=\"--awb-bg-size:cover;--awb-width-large:66.666666666667%;--awb-margin-top-large:0px;--awb-spacing-right-large:2.88%;--awb-margin-bottom-large:15px;--awb-spacing-left-large:2.88%;--awb-width-medium:100%;--awb-order-medium:0;--awb-spacing-right-medium:1.92%;--awb-spacing-left-medium:1.92%;--awb-width-small:100%;--awb-order-small:0;--awb-spacing-right-small:1.92%;--awb-spacing-left-small:1.92%;\" data-scroll-devices=\"small-visibility,medium-visibility,large-visibility\"><div class=\"fusion-column-wrapper fusion-column-has-shadow fusion-flex-justify-content-flex-start fusion-content-layout-column\"><div class=\"fusion-text fusion-text-7\" style=\"--awb-margin-top:0px;\"><p><strong>Jonathan Jenny \u2013<br \/>\n<\/strong><\/p>\n<p><strong>Motivation<\/strong> : Fascin\u00e9 par les rapports humains et leur complexit\u00e9, j&rsquo;ai \u00e0 c\u0153ur d&rsquo;aider les gens \u00e0 r\u00e9fl\u00e9chir et \u00e0 trouver leurs propres r\u00e9ponses et solutions aux difficult\u00e9s qu&rsquo;ils rencontrent. Je suis convaincu qu&rsquo;il suffit parfois de peu pour avoir un impact positif sur la vie des autres.<\/p>\n<p><strong>Qualit\u00e9s :\u00a0<\/strong>\u00e9coute, empathie, patience et cr\u00e9ativit\u00e9<\/p>\n<p><strong>Comp\u00e9tences :\u00a0<\/strong>r\u00e9solution de conflits, communication, esprit analytique, n\u00e9gociation, r\u00e9daction, connaissances juridiques.<\/p>\n<p><strong>Parcours professionnel :<\/strong> Juriste de formation, j&rsquo;ai d\u00e9but\u00e9 ma carri\u00e8re par cinq ann\u00e9es de recherche scientifique sur la m\u00e9diation et la conciliation \u00e0 l&rsquo;Universit\u00e9 de Neuch\u00e2tel. Apr\u00e8s deux ans de stage et l&rsquo;obtention de mon brevet d&rsquo;avocat, j&rsquo;ai pratiqu\u00e9 le barreau dans une \u00e9tude neuch\u00e2teloise. Appr\u00e9ciant tout particuli\u00e8rement la n\u00e9gociation et la recherche de solutions cr\u00e9atives et durables pour mes clients, j&rsquo;ai choisi de m&rsquo;orienter vers la r\u00e9solution et la gestion amiable des diff\u00e9rends. En parall\u00e8le \u00e0 cette activit\u00e9, je r\u00e9dige aujourd&rsquo;hui ma th\u00e8se de doctorat qui porte sur la conciliation judiciaire civile et qui \u00e9tudie cet objet de mani\u00e8re pluridisciplinaire (droit et psychologie sociale).<\/p>\n<p><strong>Formation : <\/strong>Ma\u00eetrise universitaire en droit, brevet d&rsquo;avocat, CAS en m\u00e9diation (en cours), doctorant \u00e0 l&rsquo;Universit\u00e9 de Neuch\u00e2tel.<\/p>\n<p><a href=\"https:\/\/www.ultranima.ch\/intermede\/contact\/\">Contact<\/a><\/p>\n<\/div><\/div><\/div><\/div><\/div><\/p>\n","protected":false},"excerpt":{"rendered":"","protected":false},"author":1,"featured_media":0,"parent":0,"menu_order":0,"comment_status":"closed","ping_status":"closed","template":"","meta":{"footnotes":""},"class_list":["post-2260","page","type-page","status-publish","hentry"],"_links":{"self":[{"href":"https:\/\/www.ultranima.ch\/intermede\/wp-json\/wp\/v2\/pages\/2260","targetHints":{"allow":["GET"]}}],"collection":[{"href":"https:\/\/www.ultranima.ch\/intermede\/wp-json\/wp\/v2\/pages"}],"about":[{"href":"https:\/\/www.ultranima.ch\/intermede\/wp-json\/wp\/v2\/types\/page"}],"author":[{"embeddable":true,"href":"https:\/\/www.ultranima.ch\/intermede\/wp-json\/wp\/v2\/users\/1"}],"replies":[{"embeddable":true,"href":"https:\/\/www.ultranima.ch\/intermede\/wp-json\/wp\/v2\/comments?post=2260"}],"version-history":[{"count":27,"href":"https:\/\/www.ultranima.ch\/intermede\/wp-json\/wp\/v2\/pages\/2260\/revisions"}],"predecessor-version":[{"id":2891,"href":"https:\/\/www.ultranima.ch\/intermede\/wp-json\/wp\/v2\/pages\/2260\/revisions\/2891"}],"wp:attachment":[{"href":"https:\/\/www.ultranima.ch\/intermede\/wp-json\/wp\/v2\/media?parent=2260"}],"curies":[{"name":"wp","href":"https:\/\/api.w.org\/{rel}","templated":true}]}}